{"id":37,"date":"2005-05-20T16:31:22","date_gmt":"2005-05-20T16:31:22","guid":{"rendered":"http:\/\/www.cortig.net\/wordpress\/?page_id=37"},"modified":"2008-03-04T10:07:10","modified_gmt":"2008-03-04T16:07:10","slug":"telechargements","status":"publish","type":"page","link":"https:\/\/www.cortig.net\/wordpress\/telechargements\/","title":{"rendered":"Localisations"},"content":{"rendered":"<p>Cette page a \u00e9t\u00e9 d\u00e9plac\u00e9e vers <a href=\"http:\/\/www.cortig.net\/localisations\/\">une nouvelle section de ce site.<\/a><\/p>","protected":false},"excerpt":{"rendered":"<p>Cette page a \u00e9t\u00e9 d\u00e9plac\u00e9e vers une nouvelle section de ce site.<\/p>\n","protected":false},"author":1,"featured_media":0,"parent":0,"menu_order":0,"comment_status":"open","ping_status":"open","template":"","meta":{"footnotes":""},"class_list":["post-37","page","type-page","status-publish","hentry"],"_links":{"self":[{"href":"https:\/\/www.cortig.net\/wordpress\/wp-json\/wp\/v2\/pages\/37","targetHints":{"allow":["GET"]}}],"collection":[{"href":"https:\/\/www.cortig.net\/wordpress\/wp-json\/wp\/v2\/pages"}],"about":[{"href":"https:\/\/www.cortig.net\/wordpress\/wp-json\/wp\/v2\/types\/page"}],"author":[{"embeddable":true,"href":"https:\/\/www.cortig.net\/wordpress\/wp-json\/wp\/v2\/users\/1"}],"replies":[{"embeddable":true,"href":"https:\/\/www.cortig.net\/wordpress\/wp-json\/wp\/v2\/comments?post=37"}],"version-history":[{"count":0,"href":"https:\/\/www.cortig.net\/wordpress\/wp-json\/wp\/v2\/pages\/37\/revisions"}],"wp:attachment":[{"href":"https:\/\/www.cortig.net\/wordpress\/wp-json\/wp\/v2\/media?parent=37"}],"curies":[{"name":"wp","href":"https:\/\/api.w.org\/{rel}","templated":true}]}}