{"id":179,"date":"2008-05-22T15:04:49","date_gmt":"2008-05-22T21:04:49","guid":{"rendered":"http:\/\/www.cortig.net\/wordpress\/?page_id=179"},"modified":"2011-01-18T14:06:54","modified_gmt":"2011-01-18T20:06:54","slug":"scripts","status":"publish","type":"page","link":"https:\/\/www.cortig.net\/wordpress\/scripts\/","title":{"rendered":"Scripts"},"content":{"rendered":"<p><em><strong>This sites hosts a few AppleScripts for Office.<\/strong><\/em><br \/>\n<a href=\"http:\/\/www.cortig.net\/wordpress\/?p=113\"><font color=\"#333399\">Sync Categories<\/font><\/a><br \/>\nThis set of scripts allow you to save category names (assigned to contacts or events) to the notes and to restore them from the note to the actual categories.<br \/>\nThis is useful if you are trying to use Exchange accounts, or even SyncServices\/.Mac\/Me.com since both these protocols loose categories in the transfer. This script works with Entourage 2004 or 2008 (not tested with Outlook 2011).<\/p>\n<p><a href=\"http:\/\/www.cortig.net\/wordpress\/\/index.php?p=156\"><font color=\"#333399\">Switch spelling language<\/font><\/a><br \/>\nPeople like me who often write in different languages are currently having a difficult time with Office 2008. Switching the language settings is fairly tedious and hopefully you\u2019ll find these scripts helpful: with a simple shortcut, you can tell word what language your selection is in for spelling and grammar checking.<\/p>\n<hr align=\"center\" \/>\n<p><em><strong>Quelques AppleScripts pour Office sont disponibles sur ce site.<\/strong><\/em><br \/>\n<a href=\"http:\/\/www.cortig.net\/wordpress\/?p=113\"><font color=\"#333399\">Synchronisation des cat\u00e9gories<\/font><\/a><br \/>\nCes scripts permettent de sauvegarder le nom des cat\u00e9gories de contacts ou d\u2019\u00e9v\u00e9nements du calendrier dans les notes de ces \u00e9l\u00e9ments. Un second jeu de scripts (joint) permet ensuite d\u2019effectuer l\u2019op\u00e9ration inverse et de r\u00e9-attribuer des cat\u00e9gories perdues. Les notes se synchronisant sans soucis par Exchange ou SyncServices\/.Mac\/Me.com, cela permet de pr\u00e9server ces cat\u00e9gories pour ces types de synchronisation. Ce script est utile pour Entourage 2004 ou 2008 (non test\u00e9 avec Outlook 2011).<\/p>\n<p><a href=\"http:\/\/www.cortig.net\/wordpress\/\/index.php?p=156\"><font color=\"#333399\">Bascule de langues<\/font><\/a><br \/>\nCes scripts permettent de basculer entre les langues facilement dans Word 2008. Si vous \u00eates comme moi et que vous \u00e9crivez souvent dans diff\u00e9rentes langues, vous aurez remarqu\u00e9 que Word 2008 ne vous facilite pas la t\u00e2che. Avec ces scripts, s\u00e9lectionnez le ou les paragraphes de votre choix, et d\u2019un simple raccourcis clavier, vous pouvez indiquer \u00e0 Word la langue dans laquelle ils sont \u00e9crits pour la correction de la grammaire et de l\u2019orthographe.<\/p>","protected":false},"excerpt":{"rendered":"<p>This sites hosts a few AppleScripts for Office. Sync Categories This set of scripts allow you to save category names (assigned to contacts or events) to the notes and to restore them from the note to the actual categories. This is useful if you are trying to use Exchange accounts, or even SyncServices\/.Mac\/Me.com since both these protocols loose categories in the transfer. This script works with Entourage 2004 or 2008 (not tested with Outlook 2011). Switch spelling language People like me who often write in&hellip;<\/p>\n","protected":false},"author":1,"featured_media":0,"parent":0,"menu_order":0,"comment_status":"open","ping_status":"open","template":"","meta":{"footnotes":""},"class_list":["post-179","page","type-page","status-publish","hentry"],"_links":{"self":[{"href":"https:\/\/www.cortig.net\/wordpress\/wp-json\/wp\/v2\/pages\/179","targetHints":{"allow":["GET"]}}],"collection":[{"href":"https:\/\/www.cortig.net\/wordpress\/wp-json\/wp\/v2\/pages"}],"about":[{"href":"https:\/\/www.cortig.net\/wordpress\/wp-json\/wp\/v2\/types\/page"}],"author":[{"embeddable":true,"href":"https:\/\/www.cortig.net\/wordpress\/wp-json\/wp\/v2\/users\/1"}],"replies":[{"embeddable":true,"href":"https:\/\/www.cortig.net\/wordpress\/wp-json\/wp\/v2\/comments?post=179"}],"version-history":[{"count":3,"href":"https:\/\/www.cortig.net\/wordpress\/wp-json\/wp\/v2\/pages\/179\/revisions"}],"predecessor-version":[{"id":249,"href":"https:\/\/www.cortig.net\/wordpress\/wp-json\/wp\/v2\/pages\/179\/revisions\/249"}],"wp:attachment":[{"href":"https:\/\/www.cortig.net\/wordpress\/wp-json\/wp\/v2\/media?parent=179"}],"curies":[{"name":"wp","href":"https:\/\/api.w.org\/{rel}","templated":true}]}}