{"id":30,"date":"2026-03-11T20:59:27","date_gmt":"2026-03-11T20:59:27","guid":{"rendered":"http:\/\/jean.cras.cortig.net\/?page_id=30"},"modified":"2026-04-14T17:06:41","modified_gmt":"2026-04-14T16:06:41","slug":"accueil","status":"publish","type":"page","link":"https:\/\/www.cortig.net\/Cras\/","title":{"rendered":"Biographies de la famille Cras"},"content":{"rendered":"\n<div class=\"wp-block-group alignfull is-nowrap is-layout-flex wp-container-core-group-is-layout-65fe999b wp-block-group-is-layout-flex\" style=\"padding-top:var(--wp--preset--spacing--50);padding-right:var(--wp--preset--spacing--50);padding-bottom:var(--wp--preset--spacing--50);padding-left:var(--wp--preset--spacing--50)\">\n<figure class=\"wp-block-image size-full is-style-rounded wp-duotone-unset-2 is-style-rounded--1\" style=\"margin-top:0;margin-right:0;margin-bottom:0;margin-left:0\"><img loading=\"lazy\" decoding=\"async\" width=\"957\" height=\"646\" src=\"https:\/\/www.cortig.net\/Cras\/wp-content\/uploads\/2026\/03\/image5_1.jpeg\" alt=\"Jean Cras au piano\" class=\"wp-image-110\" title=\"Portrait de Jean Cras\" srcset=\"https:\/\/www.cortig.net\/Cras\/wp-content\/uploads\/2026\/03\/image5_1.jpeg 957w, https:\/\/www.cortig.net\/Cras\/wp-content\/uploads\/2026\/03\/image5_1-300x203.jpeg 300w, https:\/\/www.cortig.net\/Cras\/wp-content\/uploads\/2026\/03\/image5_1-768x518.jpeg 768w\" sizes=\"auto, (max-width: 957px) 100vw, 957px\" \/><figcaption class=\"wp-element-caption\">Jean Cras au piano<\/figcaption><\/figure>\n\n\n\n<div class=\"wp-block-group has-global-padding is-layout-constrained wp-container-core-group-is-layout-650790e1 wp-block-group-is-layout-constrained\">\n<h1 class=\"wp-block-heading has-text-align-center has-x-large-font-size\"><a href=\"https:\/\/www.cortig.net\/Cras\/biographie-de-jean-cras\/\" data-type=\"page\" data-id=\"104\">Jean Cras<\/a><\/h1>\n\n\n\n<p class=\"has-text-align-center\"><\/p>\n<\/div>\n<\/div>\n\n\n\n<div class=\"wp-block-group alignfull has-base-color has-contrast-background-color has-text-color has-background has-global-padding is-layout-constrained wp-container-core-group-is-layout-ef3d885c wp-block-group-is-layout-constrained\" style=\"margin-top:0;margin-bottom:0;padding-top:var(--wp--preset--spacing--60);padding-right:var(--wp--preset--spacing--60);padding-bottom:var(--wp--preset--spacing--60);padding-left:var(--wp--preset--spacing--60)\">\n<div class=\"wp-block-group has-global-padding is-layout-constrained wp-block-group-is-layout-constrained\">\n<div style=\"height:var(--wp--preset--spacing--10)\" aria-hidden=\"true\" class=\"wp-block-spacer\"><\/div>\n\n\n\n<p class=\"has-text-align-center has-base-color has-text-color has-heading-font-family has-x-large-font-size\" style=\"line-height:1.2\"><em>\u00ab Je tressaille d&rsquo;\u00e9motion quand je te vois sentir comme je le sens moi-m\u00eame notre art ch\u00e9ri, cette musique qui nous fait entrevoir les joies de l&rsquo;Au-del\u00e0. Car le bonheur que nous go\u00fbterons ensemble dans le ciel sera un bonheur musical, un bonheur inexprimable, pour lequel il n&rsquo;y a pas de mots. \u00bb<\/em><\/p>\n\n\n\n<div class=\"wp-block-group is-vertical is-content-justification-center is-nowrap is-layout-flex wp-container-core-group-is-layout-2dc08cea wp-block-group-is-layout-flex\">\n\n\n<p class=\"has-text-align-center\" style=\"margin-top:var(--wp--preset--spacing--10);margin-bottom:0\"><strong>Jean Cras<\/strong>, Lettre du 12 mai 1906<\/p>\n<\/div>\n<\/div>\n<\/div>\n\n\n\n<div class=\"wp-block-columns is-layout-flex wp-container-core-columns-is-layout-28f84493 wp-block-columns-is-layout-flex\">\n<div class=\"wp-block-column is-layout-flow wp-block-column-is-layout-flow\"><\/div>\n<\/div>\n\n\n\n<div class=\"wp-block-group alignfull has-base-2-background-color has-background has-global-padding is-layout-constrained wp-container-core-group-is-layout-669513ed wp-block-group-is-layout-constrained\" style=\"margin-top:0;margin-bottom:0;padding-top:var(--wp--preset--spacing--50);padding-right:var(--wp--preset--spacing--50);padding-bottom:var(--wp--preset--spacing--50);padding-left:var(--wp--preset--spacing--50)\">\n<div class=\"wp-block-group is-vertical is-content-justification-center is-layout-flex wp-container-core-group-is-layout-52b864f0 wp-block-group-is-layout-flex\">\n<div class=\"wp-block-group is-nowrap is-layout-flex wp-container-core-group-is-layout-6c531013 wp-block-group-is-layout-flex\">\n<figure class=\"wp-block-image size-full\"><img loading=\"lazy\" decoding=\"async\" width=\"400\" height=\"269\" src=\"https:\/\/www.cortig.net\/Cras\/wp-content\/uploads\/2026\/04\/Portrait2-1.jpg\" alt=\"\" class=\"wp-image-262\" srcset=\"https:\/\/www.cortig.net\/Cras\/wp-content\/uploads\/2026\/04\/Portrait2-1.jpg 400w, https:\/\/www.cortig.net\/Cras\/wp-content\/uploads\/2026\/04\/Portrait2-1-300x202.jpg 300w\" sizes=\"auto, (max-width: 400px) 100vw, 400px\" \/><\/figure>\n\n\n\n<h2 class=\"wp-block-heading has-text-align-center is-style-asterisk\"><a href=\"https:\/\/www.cortig.net\/Cras\/biographie-dherve-cras\/\" data-type=\"page\" data-id=\"245\">Herv\u00e9 Cras<\/a><\/h2>\n<\/div>\n\n\n\n<div style=\"height:0px\" aria-hidden=\"true\" class=\"wp-block-spacer wp-container-content-4f2ccadb\"><\/div>\n\n\n\n<p class=\"has-text-align-center\"><\/p>\n<\/div>\n<\/div>\n\n\n\n<p><\/p>\n","protected":false},"excerpt":{"rendered":"<p>Jean Cras \u00ab Je tressaille d&rsquo;\u00e9motion quand je te vois sentir comme je le sens moi-m\u00eame notre art ch\u00e9ri, cette musique qui nous fait entrevoir les joies de l&rsquo;Au-del\u00e0. Car le bonheur que nous go\u00fbterons ensemble dans le ciel sera un bonheur musical, un bonheur inexprimable, pour lequel il n&rsquo;y a pas de mots. \u00bb [&hellip;]<\/p>\n","protected":false},"author":1,"featured_media":0,"parent":0,"menu_order":0,"comment_status":"closed","ping_status":"closed","template":"","meta":{"footnotes":""},"class_list":["post-30","page","type-page","status-publish","hentry"],"_links":{"self":[{"href":"https:\/\/www.cortig.net\/Cras\/wp-json\/wp\/v2\/pages\/30","targetHints":{"allow":["GET"]}}],"collection":[{"href":"https:\/\/www.cortig.net\/Cras\/wp-json\/wp\/v2\/pages"}],"about":[{"href":"https:\/\/www.cortig.net\/Cras\/wp-json\/wp\/v2\/types\/page"}],"author":[{"embeddable":true,"href":"https:\/\/www.cortig.net\/Cras\/wp-json\/wp\/v2\/users\/1"}],"replies":[{"embeddable":true,"href":"https:\/\/www.cortig.net\/Cras\/wp-json\/wp\/v2\/comments?post=30"}],"version-history":[{"count":9,"href":"https:\/\/www.cortig.net\/Cras\/wp-json\/wp\/v2\/pages\/30\/revisions"}],"predecessor-version":[{"id":410,"href":"https:\/\/www.cortig.net\/Cras\/wp-json\/wp\/v2\/pages\/30\/revisions\/410"}],"wp:attachment":[{"href":"https:\/\/www.cortig.net\/Cras\/wp-json\/wp\/v2\/media?parent=30"}],"curies":[{"name":"wp","href":"https:\/\/api.w.org\/{rel}","templated":true}]}}